{"id":5350,"date":"2024-03-16T11:01:38","date_gmt":"2024-03-16T10:01:38","guid":{"rendered":"https:\/\/riddaselvaggia.it\/cookie-policy\/"},"modified":"2025-06-12T08:47:00","modified_gmt":"2025-06-12T06:47:00","slug":"cookie-policy","status":"publish","type":"page","link":"https:\/\/riddaselvaggia.it\/fr\/cookie-policy\/","title":{"rendered":"Cookie Policy"},"content":{"rendered":"\t\t<div data-elementor-type=\"wp-page\" data-elementor-id=\"5350\" class=\"elementor elementor-5350 elementor-584\" data-elementor-post-type=\"page\">\n\t\t\t\t<div class=\"elementor-element elementor-element-207be61a e-con-full e-flex e-con e-parent\" data-id=\"207be61a\" data-element_type=\"container\" data-e-type=\"container\" data-settings=\"{&quot;shape_divider_top&quot;:&quot;clouds&quot;}\">\n\t\t\t\t<div class=\"elementor-shape elementor-shape-top\" aria-hidden=\"true\" data-negative=\"false\">\n\t\t\t<svg xmlns=\"http:\/\/www.w3.org\/2000\/svg\" viewBox=\"0 0 283.5 27.8\" preserveAspectRatio=\"xMidYMax slice\">\n  <path class=\"elementor-shape-fill\" d=\"M0 0v6.7c1.9-.8 4.7-1.4 8.5-1 9.5 1.1 11.1 6 11.1 6s2.1-.7 4.3-.2c2.1.5 2.8 2.6 2.8 2.6s.2-.5 1.4-.7c1.2-.2 1.7.2 1.7.2s0-2.1 1.9-2.8c1.9-.7 3.6.7 3.6.7s.7-2.9 3.1-4.1 4.7 0 4.7 0 1.2-.5 2.4 0 1.7 1.4 1.7 1.4h1.4c.7 0 1.2.7 1.2.7s.8-1.8 4-2.2c3.5-.4 5.3 2.4 6.2 4.4.4-.4 1-.7 1.8-.9 2.8-.7 4 .7 4 .7s1.7-5 11.1-6c9.5-1.1 12.3 3.9 12.3 3.9s1.2-4.8 5.7-5.7c4.5-.9 6.8 1.8 6.8 1.8s.6-.6 1.5-.9c.9-.2 1.9-.2 1.9-.2s5.2-6.4 12.6-3.3c7.3 3.1 4.7 9 4.7 9s1.9-.9 4 0 2.8 2.4 2.8 2.4 1.9-1.2 4.5-1.2 4.3 1.2 4.3 1.2.2-1 1.4-1.7 2.1-.7 2.1-.7-.5-3.1 2.1-5.5 5.7-1.4 5.7-1.4 1.5-2.3 4.2-1.1c2.7 1.2 1.7 5.2 1.7 5.2s.3-.1 1.3.5c.5.4.8.8.9 1.1.5-1.4 2.4-5.8 8.4-4 7.1 2.1 3.5 8.9 3.5 8.9s.8-.4 2 0 1.1 1.1 1.1 1.1 1.1-1.1 2.3-1.1 2.1.5 2.1.5 1.9-3.6 6.2-1.2 1.9 6.4 1.9 6.4 2.6-2.4 7.4 0c3.4 1.7 3.9 4.9 3.9 4.9s3.3-6.9 10.4-7.9 11.5 2.6 11.5 2.6.8 0 1.2.2c.4.2.9.9.9.9s4.4-3.1 8.3.2c1.9 1.7 1.5 5 1.5 5s.3-1.1 1.6-1.4c1.3-.3 2.3.2 2.3.2s-.1-1.2.5-1.9 1.9-.9 1.9-.9-4.7-9.3 4.4-13.4c5.6-2.5 9.2.9 9.2.9s5-6.2 15.9-6.2 16.1 8.1 16.1 8.1.7-.2 1.6-.4V0H0z\"\/>\n<\/svg>\n\t\t<\/div>\n\t\t<div class=\"elementor-element elementor-element-135b8f4e e-con-full e-flex e-con e-child\" data-id=\"135b8f4e\" data-element_type=\"container\" data-e-type=\"container\" data-settings=\"{&quot;background_background&quot;:&quot;classic&quot;}\">\n\t\t\t\t<div class=\"elementor-element elementor-element-2e980f69 elementor-invisible elementor-widget elementor-widget-heading\" data-id=\"2e980f69\" data-element_type=\"widget\" data-e-type=\"widget\" data-settings=\"{&quot;_animation&quot;:&quot;fadeInUp&quot;}\" data-widget_type=\"heading.default\">\n\t\t\t\t<div class=\"elementor-widget-container\">\n\t\t\t\t\t<h2 class=\"elementor-heading-title elementor-size-default\">cookie policy<\/h2>\t\t\t\t<\/div>\n\t\t\t\t<\/div>\n\t\t\t\t<div class=\"elementor-element elementor-element-d5e5262 elementor-widget elementor-widget-heading\" data-id=\"d5e5262\" data-element_type=\"widget\" data-e-type=\"widget\" data-widget_type=\"heading.default\">\n\t\t\t\t<div class=\"elementor-widget-container\">\n\t\t\t\t\t<h3 class=\"elementor-heading-title elementor-size-default\">Que sont les cookies ?<\/h3>\t\t\t\t<\/div>\n\t\t\t\t<\/div>\n\t\t\t\t<div class=\"elementor-element elementor-element-14e3a4b elementor-invisible elementor-widget elementor-widget-text-editor\" data-id=\"14e3a4b\" data-element_type=\"widget\" data-e-type=\"widget\" data-settings=\"{&quot;_animation&quot;:&quot;fadeInDown&quot;}\" data-widget_type=\"text-editor.default\">\n\t\t\t\t<div class=\"elementor-widget-container\">\n\t\t\t\t\t\t\t\t\t<p>Les cookies sont de petits fichiers texte utilis\u00e9s pour stocker des informations. Ils sont stock\u00e9s sur votre appareil lorsque le site web est consult\u00e9 par votre navigateur. Ils nous aident \u00e0 assurer le bon fonctionnement du site web, \u00e0 le s\u00e9curiser, \u00e0 offrir une meilleure exp\u00e9rience utilisateur et \u00e0 analyser ses performances afin d&rsquo;identifier les points \u00e0 am\u00e9liorer.  <\/p><p>Cette politique relative aux cookies explique ce que sont les cookies et comment nous les utilisons, quels types de cookies nous utilisons, c&rsquo;est-\u00e0-dire les informations que nous collectons via les cookies, comment ces informations sont utilis\u00e9es et comment g\u00e9rer vos param\u00e8tres.<\/p>\t\t\t\t\t\t\t\t<\/div>\n\t\t\t\t<\/div>\n\t\t\t\t<div class=\"elementor-element elementor-element-b929443 elementor-widget elementor-widget-heading\" data-id=\"b929443\" data-element_type=\"widget\" data-e-type=\"widget\" data-widget_type=\"heading.default\">\n\t\t\t\t<div class=\"elementor-widget-container\">\n\t\t\t\t\t<h3 class=\"elementor-heading-title elementor-size-default\">Comment les utilisons-nous ?<\/h3>\t\t\t\t<\/div>\n\t\t\t\t<\/div>\n\t\t\t\t<div class=\"elementor-element elementor-element-14096de elementor-invisible elementor-widget elementor-widget-text-editor\" data-id=\"14096de\" data-element_type=\"widget\" data-e-type=\"widget\" data-settings=\"{&quot;_animation&quot;:&quot;fadeInDown&quot;}\" data-widget_type=\"text-editor.default\">\n\t\t\t\t<div class=\"elementor-widget-container\">\n\t\t\t\t\t\t\t\t\t<p>Comme la plupart des services en ligne, notre site utilise des cookies propri\u00e9taires et tiers \u00e0 diverses fins. Les cookies propri\u00e9taires sont principalement n\u00e9cessaires au bon fonctionnement du site et ne collectent aucune donn\u00e9e personnelle identifiable.<br>Les cookies tiers utilis\u00e9s sur notre site servent principalement \u00e0 comprendre son fonctionnement et vos interactions avec lui, \u00e0 s\u00e9curiser nos services, \u00e0 vous offrir une meilleure exp\u00e9rience utilisateur et \u00e0 acc\u00e9l\u00e9rer vos futures interactions avec notre site. <\/p>\t\t\t\t\t\t\t\t<\/div>\n\t\t\t\t<\/div>\n\t\t\t\t<div class=\"elementor-element elementor-element-dd429d8 elementor-widget elementor-widget-heading\" data-id=\"dd429d8\" data-element_type=\"widget\" data-e-type=\"widget\" data-widget_type=\"heading.default\">\n\t\t\t\t<div class=\"elementor-widget-container\">\n\t\t\t\t\t<h3 class=\"elementor-heading-title elementor-size-default\">Quels types de cookies utilisons-nous ?<\/h3>\t\t\t\t<\/div>\n\t\t\t\t<\/div>\n\t\t\t\t<div class=\"elementor-element elementor-element-9e8d363 elementor-invisible elementor-widget elementor-widget-text-editor\" data-id=\"9e8d363\" data-element_type=\"widget\" data-e-type=\"widget\" data-settings=\"{&quot;_animation&quot;:&quot;fadeInDown&quot;}\" data-widget_type=\"text-editor.default\">\n\t\t\t\t<div class=\"elementor-widget-container\">\n\t\t\t\t\t\t\t\t\t<p>Dans le tableau ci-dessous, vous pouvez voir la liste des cookies utilis\u00e9s par ce site Web.<\/p>\t\t\t\t\t\t\t\t<\/div>\n\t\t\t\t<\/div>\n\t\t\t\t<div class=\"elementor-element elementor-element-116e807 elementor-widget elementor-widget-html\" data-id=\"116e807\" data-element_type=\"widget\" data-e-type=\"widget\" data-widget_type=\"html.default\">\n\t\t\t\t<div class=\"elementor-widget-container\">\n\t\t\t\t\t<div class=\"cky-audit-table-element\"><\/div>\t\t\t\t<\/div>\n\t\t\t\t<\/div>\n\t\t\t\t<div class=\"elementor-element elementor-element-6b74858 elementor-widget elementor-widget-heading\" data-id=\"6b74858\" data-element_type=\"widget\" data-e-type=\"widget\" data-widget_type=\"heading.default\">\n\t\t\t\t<div class=\"elementor-widget-container\">\n\t\t\t\t\t<h3 class=\"elementor-heading-title elementor-size-default\">G\u00e9rez vos pr\u00e9f\u00e9rences<\/h3>\t\t\t\t<\/div>\n\t\t\t\t<\/div>\n\t\t\t\t<div class=\"elementor-element elementor-element-23282dc elementor-invisible elementor-widget elementor-widget-text-editor\" data-id=\"23282dc\" data-element_type=\"widget\" data-e-type=\"widget\" data-settings=\"{&quot;_animation&quot;:&quot;fadeInDown&quot;}\" data-widget_type=\"text-editor.default\">\n\t\t\t\t<div class=\"elementor-widget-container\">\n\t\t\t\t\t\t\t\t\t<a class=\"cky-banner-element\">Param\u00e8tres des cookies<\/a> <br>\t\t\t\t\t\t\t\t<\/div>\n\t\t\t\t<\/div>\n\t\t\t\t<div class=\"elementor-element elementor-element-b2a5b46 elementor-invisible elementor-widget elementor-widget-text-editor\" data-id=\"b2a5b46\" data-element_type=\"widget\" data-e-type=\"widget\" data-settings=\"{&quot;_animation&quot;:&quot;fadeInDown&quot;}\" data-widget_type=\"text-editor.default\">\n\t\t\t\t<div class=\"elementor-widget-container\">\n\t\t\t\t\t\t\t\t\t<p>Vous pouvez modifier vos pr\u00e9f\u00e9rences en mati\u00e8re de cookies \u00e0 tout moment en cliquant sur le bouton ci-dessus. Cela vous permettra de consulter \u00e0 nouveau la banni\u00e8re de consentement aux cookies et de modifier vos pr\u00e9f\u00e9rences ou de retirer votre consentement imm\u00e9diatement.<br>De plus, chaque navigateur propose diff\u00e9rentes m\u00e9thodes pour bloquer et supprimer les cookies utilis\u00e9s par les sites web. Vous pouvez modifier les param\u00e8tres de votre navigateur pour bloquer\/supprimer les cookies. Vous trouverez ci-dessous des liens vers des documents d&rsquo;aide expliquant comment g\u00e9rer et supprimer les cookies dans les principaux navigateurs web.   <\/p><p>Chrome: <a href=\"https:\/\/support.google.com\/accounts\/answer\/32050\" target=\"_blank\" rel=\"noopener\">https:\/\/support.google.com\/accounts\/answer\/32050<\/a><\/p><p>Safari: <a href=\"https:\/\/support.apple.com\/en-in\/guide\/safari\/sfri11471\/mac\" target=\"_blank\" rel=\"noopener\">https:\/\/support.apple.com\/en-in\/guide\/safari\/sfri11471\/mac<\/a><\/p><p>Firefox: <a href=\"https:\/\/support.mozilla.org\/en-US\/kb\/clear-cookies-and-site-data-firefox?redirectslug=delete-cookies-remove-info-websites-stored&amp;redirectlocale=en-US\" target=\"_blank\" rel=\"noopener\">https:\/\/support.mozilla.org\/en-US\/kb\/clear-cookies-and-site-data-firefox?redirectslug=delete-cookies-remove-info-websites-stored&amp;redirectlocale=en-US<\/a><\/p><p>Internet Explorer: <a href=\"https:\/\/support.microsoft.com\/en-us\/topic\/how-to-delete-cookie-files-in-internet-explorer-bca9446f-d873-78de-77ba-d42645fa52fc\" target=\"_blank\" rel=\"noopener\">https:\/\/support.microsoft.com\/en-us\/topic\/how-to-delete-cookie-files-in-internet-explorer-bca9446f-d873-78de-77ba-d42645fa52fc<\/a><\/p><p>Si vous utilisez un autre navigateur Web, veuillez consulter la documentation d&rsquo;assistance officielle de votre navigateur.<\/p>\t\t\t\t\t\t\t\t<\/div>\n\t\t\t\t<\/div>\n\t\t\t\t<div class=\"elementor-element elementor-element-5185709 elementor-invisible elementor-widget elementor-widget-text-editor\" data-id=\"5185709\" data-element_type=\"widget\" data-e-type=\"widget\" data-settings=\"{&quot;_animation&quot;:&quot;fadeInDown&quot;}\" data-widget_type=\"text-editor.default\">\n\t\t\t\t<div class=\"elementor-widget-container\">\n\t\t\t\t\t\t\t\t\t<p>Politique de cookies g\u00e9n\u00e9r\u00e9e par <a href=\"https:\/\/www.cookieyes.com\/?utm_source=CP&amp;utm_medium=footer&amp;utm_campaign=UW\" target=\"_blank\" rel=\"noopener\">CookieYes &#8211; Cookie Policy Generator<\/a><br><br>Publi\u00e9 le 5 mars 2024 | Derni\u00e8re mise \u00e0 jour le 16 mars 2024<\/p>\t\t\t\t\t\t\t\t<\/div>\n\t\t\t\t<\/div>\n\t\t\t\t<\/div>\n\t\t<div class=\"elementor-element elementor-element-3b5b9b96 e-con-full e-flex e-con e-child\" data-id=\"3b5b9b96\" data-element_type=\"container\" data-e-type=\"container\" data-settings=\"{&quot;animation_tablet&quot;:&quot;fadeInUp&quot;,&quot;animation_mobile&quot;:&quot;fadeInUp&quot;}\">\n\t\t\t\t<div class=\"elementor-element elementor-element-66dc31a3 dce_masking-none elementor-invisible elementor-widget elementor-widget-image\" data-id=\"66dc31a3\" data-element_type=\"widget\" data-e-type=\"widget\" data-settings=\"{&quot;_animation&quot;:&quot;fadeInUp&quot;}\" data-widget_type=\"image.default\">\n\t\t\t\t<div class=\"elementor-widget-container\">\n\t\t\t\t\t\t\t\t\t\t\t\t\t\t\t<img fetchpriority=\"high\" decoding=\"async\" width=\"400\" height=\"400\" src=\"https:\/\/riddaselvaggia.it\/wp-content\/uploads\/2024\/03\/luna_230.png\" class=\"elementor-animation-grow-rotate attachment-full size-full wp-image-4619\" alt=\"\" srcset=\"https:\/\/riddaselvaggia.it\/wp-content\/uploads\/2024\/03\/luna_230.png 400w, https:\/\/riddaselvaggia.it\/wp-content\/uploads\/2024\/03\/luna_230-300x300.png 300w, https:\/\/riddaselvaggia.it\/wp-content\/uploads\/2024\/03\/luna_230-150x150.png 150w, https:\/\/riddaselvaggia.it\/wp-content\/uploads\/2024\/03\/luna_230-100x100.png 100w\" sizes=\"(max-width: 400px) 100vw, 400px\" \/>\t\t\t\t\t\t\t\t\t\t\t\t\t\t\t<\/div>\n\t\t\t\t<\/div>\n\t\t\t\t<\/div>\n\t\t\t\t<\/div>\n\t\t\t\t<\/div>\n\t\t","protected":false},"excerpt":{"rendered":"<p>cookie policy Que sont les cookies ? Les cookies sont de petits fichiers texte utilis\u00e9s pour stocker des informations. Ils sont stock\u00e9s sur votre appareil lorsque le site web est consult\u00e9 par votre navigateur. Ils nous aident \u00e0 assurer le bon fonctionnement du site web, \u00e0 le s\u00e9curiser, \u00e0 offrir une meilleure exp\u00e9rience utilisateur et [&hellip;]<\/p>\n","protected":false},"author":1,"featured_media":0,"parent":0,"menu_order":0,"comment_status":"closed","ping_status":"closed","template":"elementor_header_footer","meta":{"_acf_changed":false,"footnotes":""},"class_list":["post-5350","page","type-page","status-publish","hentry"],"acf":[],"yoast_head":"<!-- This site is optimized with the Yoast SEO plugin v27.4 - https:\/\/yoast.com\/product\/yoast-seo-wordpress\/ -->\n<title>Cookie Policy - Ridda Selvaggia<\/title>\n<meta name=\"robots\" content=\"index, follow, max-snippet:-1, max-image-preview:large, max-video-preview:-1\" \/>\n<link rel=\"canonical\" href=\"https:\/\/riddaselvaggia.it\/cookie-policy\/\" \/>\n<meta property=\"og:locale\" content=\"fr_FR\" \/>\n<meta property=\"og:type\" content=\"article\" \/>\n<meta property=\"og:title\" content=\"Cookie Policy - Ridda Selvaggia\" \/>\n<meta property=\"og:description\" content=\"cookie policy Que sont les cookies ? Les cookies sont de petits fichiers texte utilis\u00e9s pour stocker des informations. Ils sont stock\u00e9s sur votre appareil lorsque le site web est consult\u00e9 par votre navigateur. Ils nous aident \u00e0 assurer le bon fonctionnement du site web, \u00e0 le s\u00e9curiser, \u00e0 offrir une meilleure exp\u00e9rience utilisateur et [&hellip;]\" \/>\n<meta property=\"og:url\" content=\"https:\/\/riddaselvaggia.it\/cookie-policy\/\" \/>\n<meta property=\"og:site_name\" content=\"Ridda Selvaggia\" \/>\n<meta property=\"article:publisher\" content=\"https:\/\/www.facebook.com\/profile.php?id=61557081068865\" \/>\n<meta property=\"article:modified_time\" content=\"2025-06-12T06:47:00+00:00\" \/>\n<meta property=\"og:image\" content=\"https:\/\/riddaselvaggia.it\/wp-content\/uploads\/2024\/03\/luna_230.png\" \/>\n\t<meta property=\"og:image:width\" content=\"400\" \/>\n\t<meta property=\"og:image:height\" content=\"400\" \/>\n\t<meta property=\"og:image:type\" content=\"image\/png\" \/>\n<meta name=\"twitter:card\" content=\"summary_large_image\" \/>\n<meta name=\"twitter:label1\" content=\"Dur\u00e9e de lecture estim\u00e9e\" \/>\n\t<meta name=\"twitter:data1\" content=\"2 minutes\" \/>\n<script type=\"application\/ld+json\" class=\"yoast-schema-graph\">{\"@context\":\"https:\\\/\\\/schema.org\",\"@graph\":[{\"@type\":\"WebPage\",\"@id\":\"https:\\\/\\\/riddaselvaggia.it\\\/cookie-policy\\\/\",\"url\":\"https:\\\/\\\/riddaselvaggia.it\\\/cookie-policy\\\/\",\"name\":\"Cookie Policy - Ridda Selvaggia\",\"isPartOf\":{\"@id\":\"https:\\\/\\\/riddaselvaggia.it\\\/#website\"},\"primaryImageOfPage\":{\"@id\":\"https:\\\/\\\/riddaselvaggia.it\\\/cookie-policy\\\/#primaryimage\"},\"image\":{\"@id\":\"https:\\\/\\\/riddaselvaggia.it\\\/cookie-policy\\\/#primaryimage\"},\"thumbnailUrl\":\"https:\\\/\\\/riddaselvaggia.it\\\/wp-content\\\/uploads\\\/2024\\\/03\\\/luna_230.png\",\"datePublished\":\"2024-03-16T10:01:38+00:00\",\"dateModified\":\"2025-06-12T06:47:00+00:00\",\"breadcrumb\":{\"@id\":\"https:\\\/\\\/riddaselvaggia.it\\\/cookie-policy\\\/#breadcrumb\"},\"inLanguage\":\"fr-FR\",\"potentialAction\":[{\"@type\":\"ReadAction\",\"target\":[\"https:\\\/\\\/riddaselvaggia.it\\\/cookie-policy\\\/\"]}]},{\"@type\":\"ImageObject\",\"inLanguage\":\"fr-FR\",\"@id\":\"https:\\\/\\\/riddaselvaggia.it\\\/cookie-policy\\\/#primaryimage\",\"url\":\"https:\\\/\\\/riddaselvaggia.it\\\/wp-content\\\/uploads\\\/2024\\\/03\\\/luna_230.png\",\"contentUrl\":\"https:\\\/\\\/riddaselvaggia.it\\\/wp-content\\\/uploads\\\/2024\\\/03\\\/luna_230.png\"},{\"@type\":\"BreadcrumbList\",\"@id\":\"https:\\\/\\\/riddaselvaggia.it\\\/cookie-policy\\\/#breadcrumb\",\"itemListElement\":[{\"@type\":\"ListItem\",\"position\":1,\"name\":\"Home\",\"item\":\"https:\\\/\\\/riddaselvaggia.it\\\/fr\\\/accueil-2025\\\/\"},{\"@type\":\"ListItem\",\"position\":2,\"name\":\"Cookie Policy\"}]},{\"@type\":\"WebSite\",\"@id\":\"https:\\\/\\\/riddaselvaggia.it\\\/#website\",\"url\":\"https:\\\/\\\/riddaselvaggia.it\\\/\",\"name\":\"Ridda Selvaggia\",\"description\":\"Festival di Letteratura per l&#039;infanzia\",\"publisher\":{\"@id\":\"https:\\\/\\\/riddaselvaggia.it\\\/#organization\"},\"potentialAction\":[{\"@type\":\"SearchAction\",\"target\":{\"@type\":\"EntryPoint\",\"urlTemplate\":\"https:\\\/\\\/riddaselvaggia.it\\\/?s={search_term_string}\"},\"query-input\":{\"@type\":\"PropertyValueSpecification\",\"valueRequired\":true,\"valueName\":\"search_term_string\"}}],\"inLanguage\":\"fr-FR\"},{\"@type\":\"Organization\",\"@id\":\"https:\\\/\\\/riddaselvaggia.it\\\/#organization\",\"name\":\"Ridda Selvaggia\",\"url\":\"https:\\\/\\\/riddaselvaggia.it\\\/\",\"logo\":{\"@type\":\"ImageObject\",\"inLanguage\":\"fr-FR\",\"@id\":\"https:\\\/\\\/riddaselvaggia.it\\\/#\\\/schema\\\/logo\\\/image\\\/\",\"url\":\"https:\\\/\\\/riddaselvaggia.it\\\/wp-content\\\/uploads\\\/2024\\\/03\\\/riddaselvaggia_footer.jpg\",\"contentUrl\":\"https:\\\/\\\/riddaselvaggia.it\\\/wp-content\\\/uploads\\\/2024\\\/03\\\/riddaselvaggia_footer.jpg\",\"width\":962,\"height\":1025,\"caption\":\"Ridda Selvaggia\"},\"image\":{\"@id\":\"https:\\\/\\\/riddaselvaggia.it\\\/#\\\/schema\\\/logo\\\/image\\\/\"},\"sameAs\":[\"https:\\\/\\\/www.facebook.com\\\/profile.php?id=61557081068865\",\"https:\\\/\\\/www.instagram.com\\\/festivalriddaselvaggia\"]}]}<\/script>\n<!-- \/ Yoast SEO plugin. -->","yoast_head_json":{"title":"Cookie Policy - Ridda Selvaggia","robots":{"index":"index","follow":"follow","max-snippet":"max-snippet:-1","max-image-preview":"max-image-preview:large","max-video-preview":"max-video-preview:-1"},"canonical":"https:\/\/riddaselvaggia.it\/cookie-policy\/","og_locale":"fr_FR","og_type":"article","og_title":"Cookie Policy - Ridda Selvaggia","og_description":"cookie policy Que sont les cookies ? Les cookies sont de petits fichiers texte utilis\u00e9s pour stocker des informations. Ils sont stock\u00e9s sur votre appareil lorsque le site web est consult\u00e9 par votre navigateur. Ils nous aident \u00e0 assurer le bon fonctionnement du site web, \u00e0 le s\u00e9curiser, \u00e0 offrir une meilleure exp\u00e9rience utilisateur et [&hellip;]","og_url":"https:\/\/riddaselvaggia.it\/cookie-policy\/","og_site_name":"Ridda Selvaggia","article_publisher":"https:\/\/www.facebook.com\/profile.php?id=61557081068865","article_modified_time":"2025-06-12T06:47:00+00:00","og_image":[{"width":400,"height":400,"url":"https:\/\/riddaselvaggia.it\/wp-content\/uploads\/2024\/03\/luna_230.png","type":"image\/png"}],"twitter_card":"summary_large_image","twitter_misc":{"Dur\u00e9e de lecture estim\u00e9e":"2 minutes"},"schema":{"@context":"https:\/\/schema.org","@graph":[{"@type":"WebPage","@id":"https:\/\/riddaselvaggia.it\/cookie-policy\/","url":"https:\/\/riddaselvaggia.it\/cookie-policy\/","name":"Cookie Policy - Ridda Selvaggia","isPartOf":{"@id":"https:\/\/riddaselvaggia.it\/#website"},"primaryImageOfPage":{"@id":"https:\/\/riddaselvaggia.it\/cookie-policy\/#primaryimage"},"image":{"@id":"https:\/\/riddaselvaggia.it\/cookie-policy\/#primaryimage"},"thumbnailUrl":"https:\/\/riddaselvaggia.it\/wp-content\/uploads\/2024\/03\/luna_230.png","datePublished":"2024-03-16T10:01:38+00:00","dateModified":"2025-06-12T06:47:00+00:00","breadcrumb":{"@id":"https:\/\/riddaselvaggia.it\/cookie-policy\/#breadcrumb"},"inLanguage":"fr-FR","potentialAction":[{"@type":"ReadAction","target":["https:\/\/riddaselvaggia.it\/cookie-policy\/"]}]},{"@type":"ImageObject","inLanguage":"fr-FR","@id":"https:\/\/riddaselvaggia.it\/cookie-policy\/#primaryimage","url":"https:\/\/riddaselvaggia.it\/wp-content\/uploads\/2024\/03\/luna_230.png","contentUrl":"https:\/\/riddaselvaggia.it\/wp-content\/uploads\/2024\/03\/luna_230.png"},{"@type":"BreadcrumbList","@id":"https:\/\/riddaselvaggia.it\/cookie-policy\/#breadcrumb","itemListElement":[{"@type":"ListItem","position":1,"name":"Home","item":"https:\/\/riddaselvaggia.it\/fr\/accueil-2025\/"},{"@type":"ListItem","position":2,"name":"Cookie Policy"}]},{"@type":"WebSite","@id":"https:\/\/riddaselvaggia.it\/#website","url":"https:\/\/riddaselvaggia.it\/","name":"Ridda Selvaggia","description":"Festival di Letteratura per l&#039;infanzia","publisher":{"@id":"https:\/\/riddaselvaggia.it\/#organization"},"potentialAction":[{"@type":"SearchAction","target":{"@type":"EntryPoint","urlTemplate":"https:\/\/riddaselvaggia.it\/?s={search_term_string}"},"query-input":{"@type":"PropertyValueSpecification","valueRequired":true,"valueName":"search_term_string"}}],"inLanguage":"fr-FR"},{"@type":"Organization","@id":"https:\/\/riddaselvaggia.it\/#organization","name":"Ridda Selvaggia","url":"https:\/\/riddaselvaggia.it\/","logo":{"@type":"ImageObject","inLanguage":"fr-FR","@id":"https:\/\/riddaselvaggia.it\/#\/schema\/logo\/image\/","url":"https:\/\/riddaselvaggia.it\/wp-content\/uploads\/2024\/03\/riddaselvaggia_footer.jpg","contentUrl":"https:\/\/riddaselvaggia.it\/wp-content\/uploads\/2024\/03\/riddaselvaggia_footer.jpg","width":962,"height":1025,"caption":"Ridda Selvaggia"},"image":{"@id":"https:\/\/riddaselvaggia.it\/#\/schema\/logo\/image\/"},"sameAs":["https:\/\/www.facebook.com\/profile.php?id=61557081068865","https:\/\/www.instagram.com\/festivalriddaselvaggia"]}]}},"_links":{"self":[{"href":"https:\/\/riddaselvaggia.it\/fr\/wp-json\/wp\/v2\/pages\/5350","targetHints":{"allow":["GET"]}}],"collection":[{"href":"https:\/\/riddaselvaggia.it\/fr\/wp-json\/wp\/v2\/pages"}],"about":[{"href":"https:\/\/riddaselvaggia.it\/fr\/wp-json\/wp\/v2\/types\/page"}],"author":[{"embeddable":true,"href":"https:\/\/riddaselvaggia.it\/fr\/wp-json\/wp\/v2\/users\/1"}],"replies":[{"embeddable":true,"href":"https:\/\/riddaselvaggia.it\/fr\/wp-json\/wp\/v2\/comments?post=5350"}],"version-history":[{"count":2,"href":"https:\/\/riddaselvaggia.it\/fr\/wp-json\/wp\/v2\/pages\/5350\/revisions"}],"predecessor-version":[{"id":5361,"href":"https:\/\/riddaselvaggia.it\/fr\/wp-json\/wp\/v2\/pages\/5350\/revisions\/5361"}],"wp:attachment":[{"href":"https:\/\/riddaselvaggia.it\/fr\/wp-json\/wp\/v2\/media?parent=5350"}],"curies":[{"name":"wp","href":"https:\/\/api.w.org\/{rel}","templated":true}]}}