{"id":5728,"date":"2026-04-18T17:31:44","date_gmt":"2026-04-18T15:31:44","guid":{"rendered":"https:\/\/riddaselvaggia.it\/?page_id=5728"},"modified":"2026-04-18T17:31:45","modified_gmt":"2026-04-18T15:31:45","slug":"autres-activites-2025-2","status":"publish","type":"page","link":"https:\/\/riddaselvaggia.it\/fr\/autres-activites-2025-2\/","title":{"rendered":"Autres activit\u00e9s 2025"},"content":{"rendered":"\t\t<div data-elementor-type=\"wp-page\" data-elementor-id=\"5728\" class=\"elementor elementor-5728 elementor-5726\" data-elementor-post-type=\"page\">\n\t\t\t\t<div class=\"elementor-element elementor-element-f12d8a9 e-con-full animated-fast e-flex elementor-invisible e-con e-parent\" data-id=\"f12d8a9\" data-element_type=\"container\" data-e-type=\"container\" data-settings=\"{&quot;background_background&quot;:&quot;classic&quot;,&quot;shape_divider_top&quot;:&quot;clouds&quot;,&quot;animation&quot;:&quot;fadeIn&quot;}\">\n\t\t\t\t<div class=\"elementor-shape elementor-shape-top\" aria-hidden=\"true\" data-negative=\"false\">\n\t\t\t<svg xmlns=\"http:\/\/www.w3.org\/2000\/svg\" viewBox=\"0 0 283.5 27.8\" preserveAspectRatio=\"xMidYMax slice\">\n  <path class=\"elementor-shape-fill\" d=\"M0 0v6.7c1.9-.8 4.7-1.4 8.5-1 9.5 1.1 11.1 6 11.1 6s2.1-.7 4.3-.2c2.1.5 2.8 2.6 2.8 2.6s.2-.5 1.4-.7c1.2-.2 1.7.2 1.7.2s0-2.1 1.9-2.8c1.9-.7 3.6.7 3.6.7s.7-2.9 3.1-4.1 4.7 0 4.7 0 1.2-.5 2.4 0 1.7 1.4 1.7 1.4h1.4c.7 0 1.2.7 1.2.7s.8-1.8 4-2.2c3.5-.4 5.3 2.4 6.2 4.4.4-.4 1-.7 1.8-.9 2.8-.7 4 .7 4 .7s1.7-5 11.1-6c9.5-1.1 12.3 3.9 12.3 3.9s1.2-4.8 5.7-5.7c4.5-.9 6.8 1.8 6.8 1.8s.6-.6 1.5-.9c.9-.2 1.9-.2 1.9-.2s5.2-6.4 12.6-3.3c7.3 3.1 4.7 9 4.7 9s1.9-.9 4 0 2.8 2.4 2.8 2.4 1.9-1.2 4.5-1.2 4.3 1.2 4.3 1.2.2-1 1.4-1.7 2.1-.7 2.1-.7-.5-3.1 2.1-5.5 5.7-1.4 5.7-1.4 1.5-2.3 4.2-1.1c2.7 1.2 1.7 5.2 1.7 5.2s.3-.1 1.3.5c.5.4.8.8.9 1.1.5-1.4 2.4-5.8 8.4-4 7.1 2.1 3.5 8.9 3.5 8.9s.8-.4 2 0 1.1 1.1 1.1 1.1 1.1-1.1 2.3-1.1 2.1.5 2.1.5 1.9-3.6 6.2-1.2 1.9 6.4 1.9 6.4 2.6-2.4 7.4 0c3.4 1.7 3.9 4.9 3.9 4.9s3.3-6.9 10.4-7.9 11.5 2.6 11.5 2.6.8 0 1.2.2c.4.2.9.9.9.9s4.4-3.1 8.3.2c1.9 1.7 1.5 5 1.5 5s.3-1.1 1.6-1.4c1.3-.3 2.3.2 2.3.2s-.1-1.2.5-1.9 1.9-.9 1.9-.9-4.7-9.3 4.4-13.4c5.6-2.5 9.2.9 9.2.9s5-6.2 15.9-6.2 16.1 8.1 16.1 8.1.7-.2 1.6-.4V0H0z\"\/>\n<\/svg>\n\t\t<\/div>\n\t\t<div class=\"elementor-element elementor-element-5664705d e-con-full e-flex e-con e-child\" data-id=\"5664705d\" data-element_type=\"container\" data-e-type=\"container\" data-settings=\"{&quot;background_background&quot;:&quot;classic&quot;}\">\n\t\t\t\t<div class=\"elementor-element elementor-element-7ad44aa8 elementor-invisible elementor-widget elementor-widget-heading\" data-id=\"7ad44aa8\" data-element_type=\"widget\" data-e-type=\"widget\" data-settings=\"{&quot;_animation&quot;:&quot;fadeInUp&quot;}\" data-widget_type=\"heading.default\">\n\t\t\t\t<div class=\"elementor-widget-container\">\n\t\t\t\t\t<h2 class=\"elementor-heading-title elementor-size-default\">autres activit\u00e9s<\/h2>\t\t\t\t<\/div>\n\t\t\t\t<\/div>\n\t\t<!-- dce invisible element 16eee6b -->\t\t<div class=\"elementor-element elementor-element-7cbf21f3 dce-posts-layout-template dce-col-2 dce-col-tablet-3 dce-col-mobile-1 elementor-widget elementor-widget-dce-dynamicposts-v2\" data-id=\"7cbf21f3\" data-element_type=\"widget\" data-e-type=\"widget\" data-settings=\"{&quot;style_items&quot;:&quot;template&quot;,&quot;templatemode_linkable&quot;:&quot;yes&quot;,&quot;_animation&quot;:&quot;none&quot;,&quot;grid_grid_type&quot;:&quot;flex&quot;}\" data-widget_type=\"dce-dynamicposts-v2.grid\">\n\t\t\t\t<div class=\"elementor-widget-container\">\n\t\t\t\t\t\t\t<div class=\"dce-posts-container dce-posts \">\n\t\t\t<div class=\"dce-posts-fallback\">\n\t\t\t\t<p>No results found.<\/p>\t\t\t<\/div>\n\t\t<\/div>\n\t\t\t\t\t\t<\/div>\n\t\t\t\t<\/div>\n\t\t\t\t<\/div>\n\t\t<div class=\"elementor-element elementor-element-7631cc3f e-con-full e-flex e-con e-child\" data-id=\"7631cc3f\" data-element_type=\"container\" data-e-type=\"container\" data-settings=\"{&quot;animation_tablet&quot;:&quot;fadeInUp&quot;,&quot;animation_mobile&quot;:&quot;fadeInUp&quot;}\">\n\t\t\t\t<div class=\"elementor-element elementor-element-7cb6aab dce_masking-none elementor-invisible elementor-widget elementor-widget-image\" data-id=\"7cb6aab\" data-element_type=\"widget\" data-e-type=\"widget\" data-settings=\"{&quot;_animation&quot;:&quot;fadeInUp&quot;}\" data-widget_type=\"image.default\">\n\t\t\t\t<div class=\"elementor-widget-container\">\n\t\t\t\t\t\t\t\t\t\t\t\t\t\t\t<img fetchpriority=\"high\" decoding=\"async\" width=\"400\" height=\"400\" src=\"https:\/\/riddaselvaggia.it\/wp-content\/uploads\/2024\/03\/luna_230.png\" class=\"elementor-animation-grow-rotate attachment-full size-full wp-image-4619\" alt=\"\" srcset=\"https:\/\/riddaselvaggia.it\/wp-content\/uploads\/2024\/03\/luna_230.png 400w, https:\/\/riddaselvaggia.it\/wp-content\/uploads\/2024\/03\/luna_230-300x300.png 300w, https:\/\/riddaselvaggia.it\/wp-content\/uploads\/2024\/03\/luna_230-150x150.png 150w, https:\/\/riddaselvaggia.it\/wp-content\/uploads\/2024\/03\/luna_230-100x100.png 100w\" sizes=\"(max-width: 400px) 100vw, 400px\" \/>\t\t\t\t\t\t\t\t\t\t\t\t\t\t\t<\/div>\n\t\t\t\t<\/div>\n\t\t\t\t<\/div>\n\t\t\t\t<\/div>\n\t\t\t\t<\/div>\n\t\t","protected":false},"excerpt":{"rendered":"<p>autres activit\u00e9s filtrer les \u00e9v\u00e9nements 6 7 8 septembre programme complet autres activit\u00e9s Visita guidata Parco Archeologico Seleni Percorso Visita guidata Nur Archeopark Percorso<\/p>\n","protected":false},"author":1,"featured_media":0,"parent":0,"menu_order":0,"comment_status":"closed","ping_status":"closed","template":"elementor_header_footer","meta":{"_acf_changed":false,"footnotes":""},"class_list":["post-5728","page","type-page","status-publish","hentry"],"acf":[],"yoast_head":"<!-- This site is optimized with the Yoast SEO plugin v27.4 - https:\/\/yoast.com\/product\/yoast-seo-wordpress\/ -->\n<title>Autres activit\u00e9s 2025 - Ridda Selvaggia<\/title>\n<meta name=\"robots\" content=\"index, follow, max-snippet:-1, max-image-preview:large, max-video-preview:-1\" \/>\n<link rel=\"canonical\" href=\"https:\/\/riddaselvaggia.it\/fr\/autres-activites-2025-2\/\" \/>\n<meta property=\"og:locale\" content=\"fr_FR\" \/>\n<meta property=\"og:type\" content=\"article\" \/>\n<meta property=\"og:title\" content=\"Autres activit\u00e9s 2025 - Ridda Selvaggia\" \/>\n<meta property=\"og:description\" content=\"autres activit\u00e9s filtrer les \u00e9v\u00e9nements 6 7 8 septembre programme complet autres activit\u00e9s Visita guidata Parco Archeologico Seleni Percorso Visita guidata Nur Archeopark Percorso\" \/>\n<meta property=\"og:url\" content=\"https:\/\/riddaselvaggia.it\/fr\/autres-activites-2025-2\/\" \/>\n<meta property=\"og:site_name\" content=\"Ridda Selvaggia\" \/>\n<meta property=\"article:publisher\" content=\"https:\/\/www.facebook.com\/profile.php?id=61557081068865\" \/>\n<meta property=\"article:modified_time\" content=\"2026-04-18T15:31:45+00:00\" \/>\n<meta property=\"og:image\" content=\"https:\/\/riddaselvaggia.it\/wp-content\/uploads\/2024\/06\/PARCO-ARCHEOLOGICO-SELENI-LOGO.jpg\" \/>\n<meta name=\"twitter:card\" content=\"summary_large_image\" \/>\n<script type=\"application\/ld+json\" class=\"yoast-schema-graph\">{\"@context\":\"https:\\\/\\\/schema.org\",\"@graph\":[{\"@type\":\"WebPage\",\"@id\":\"https:\\\/\\\/riddaselvaggia.it\\\/fr\\\/autres-activites-2025-2\\\/\",\"url\":\"https:\\\/\\\/riddaselvaggia.it\\\/fr\\\/autres-activites-2025-2\\\/\",\"name\":\"Autres activit\u00e9s 2025 - Ridda Selvaggia\",\"isPartOf\":{\"@id\":\"https:\\\/\\\/riddaselvaggia.it\\\/#website\"},\"primaryImageOfPage\":{\"@id\":\"https:\\\/\\\/riddaselvaggia.it\\\/fr\\\/autres-activites-2025-2\\\/#primaryimage\"},\"image\":{\"@id\":\"https:\\\/\\\/riddaselvaggia.it\\\/fr\\\/autres-activites-2025-2\\\/#primaryimage\"},\"thumbnailUrl\":\"https:\\\/\\\/riddaselvaggia.it\\\/wp-content\\\/uploads\\\/2024\\\/06\\\/PARCO-ARCHEOLOGICO-SELENI-LOGO.jpg\",\"datePublished\":\"2026-04-18T15:31:44+00:00\",\"dateModified\":\"2026-04-18T15:31:45+00:00\",\"breadcrumb\":{\"@id\":\"https:\\\/\\\/riddaselvaggia.it\\\/fr\\\/autres-activites-2025-2\\\/#breadcrumb\"},\"inLanguage\":\"fr-FR\",\"potentialAction\":[{\"@type\":\"ReadAction\",\"target\":[\"https:\\\/\\\/riddaselvaggia.it\\\/fr\\\/autres-activites-2025-2\\\/\"]}]},{\"@type\":\"ImageObject\",\"inLanguage\":\"fr-FR\",\"@id\":\"https:\\\/\\\/riddaselvaggia.it\\\/fr\\\/autres-activites-2025-2\\\/#primaryimage\",\"url\":\"https:\\\/\\\/riddaselvaggia.it\\\/wp-content\\\/uploads\\\/2024\\\/06\\\/PARCO-ARCHEOLOGICO-SELENI-LOGO.jpg\",\"contentUrl\":\"https:\\\/\\\/riddaselvaggia.it\\\/wp-content\\\/uploads\\\/2024\\\/06\\\/PARCO-ARCHEOLOGICO-SELENI-LOGO.jpg\"},{\"@type\":\"BreadcrumbList\",\"@id\":\"https:\\\/\\\/riddaselvaggia.it\\\/fr\\\/autres-activites-2025-2\\\/#breadcrumb\",\"itemListElement\":[{\"@type\":\"ListItem\",\"position\":1,\"name\":\"Home\",\"item\":\"https:\\\/\\\/riddaselvaggia.it\\\/fr\\\/accueil-2025\\\/\"},{\"@type\":\"ListItem\",\"position\":2,\"name\":\"Autres activit\u00e9s 2025\"}]},{\"@type\":\"WebSite\",\"@id\":\"https:\\\/\\\/riddaselvaggia.it\\\/#website\",\"url\":\"https:\\\/\\\/riddaselvaggia.it\\\/\",\"name\":\"Ridda Selvaggia\",\"description\":\"Festival di Letteratura per l&#039;infanzia\",\"publisher\":{\"@id\":\"https:\\\/\\\/riddaselvaggia.it\\\/#organization\"},\"potentialAction\":[{\"@type\":\"SearchAction\",\"target\":{\"@type\":\"EntryPoint\",\"urlTemplate\":\"https:\\\/\\\/riddaselvaggia.it\\\/?s={search_term_string}\"},\"query-input\":{\"@type\":\"PropertyValueSpecification\",\"valueRequired\":true,\"valueName\":\"search_term_string\"}}],\"inLanguage\":\"fr-FR\"},{\"@type\":\"Organization\",\"@id\":\"https:\\\/\\\/riddaselvaggia.it\\\/#organization\",\"name\":\"Ridda Selvaggia\",\"url\":\"https:\\\/\\\/riddaselvaggia.it\\\/\",\"logo\":{\"@type\":\"ImageObject\",\"inLanguage\":\"fr-FR\",\"@id\":\"https:\\\/\\\/riddaselvaggia.it\\\/#\\\/schema\\\/logo\\\/image\\\/\",\"url\":\"https:\\\/\\\/riddaselvaggia.it\\\/wp-content\\\/uploads\\\/2024\\\/03\\\/riddaselvaggia_footer.jpg\",\"contentUrl\":\"https:\\\/\\\/riddaselvaggia.it\\\/wp-content\\\/uploads\\\/2024\\\/03\\\/riddaselvaggia_footer.jpg\",\"width\":962,\"height\":1025,\"caption\":\"Ridda Selvaggia\"},\"image\":{\"@id\":\"https:\\\/\\\/riddaselvaggia.it\\\/#\\\/schema\\\/logo\\\/image\\\/\"},\"sameAs\":[\"https:\\\/\\\/www.facebook.com\\\/profile.php?id=61557081068865\",\"https:\\\/\\\/www.instagram.com\\\/festivalriddaselvaggia\"]}]}<\/script>\n<!-- \/ Yoast SEO plugin. -->","yoast_head_json":{"title":"Autres activit\u00e9s 2025 - Ridda Selvaggia","robots":{"index":"index","follow":"follow","max-snippet":"max-snippet:-1","max-image-preview":"max-image-preview:large","max-video-preview":"max-video-preview:-1"},"canonical":"https:\/\/riddaselvaggia.it\/fr\/autres-activites-2025-2\/","og_locale":"fr_FR","og_type":"article","og_title":"Autres activit\u00e9s 2025 - Ridda Selvaggia","og_description":"autres activit\u00e9s filtrer les \u00e9v\u00e9nements 6 7 8 septembre programme complet autres activit\u00e9s Visita guidata Parco Archeologico Seleni Percorso Visita guidata Nur Archeopark Percorso","og_url":"https:\/\/riddaselvaggia.it\/fr\/autres-activites-2025-2\/","og_site_name":"Ridda Selvaggia","article_publisher":"https:\/\/www.facebook.com\/profile.php?id=61557081068865","article_modified_time":"2026-04-18T15:31:45+00:00","og_image":[{"url":"https:\/\/riddaselvaggia.it\/wp-content\/uploads\/2024\/06\/PARCO-ARCHEOLOGICO-SELENI-LOGO.jpg","type":"","width":"","height":""}],"twitter_card":"summary_large_image","schema":{"@context":"https:\/\/schema.org","@graph":[{"@type":"WebPage","@id":"https:\/\/riddaselvaggia.it\/fr\/autres-activites-2025-2\/","url":"https:\/\/riddaselvaggia.it\/fr\/autres-activites-2025-2\/","name":"Autres activit\u00e9s 2025 - Ridda Selvaggia","isPartOf":{"@id":"https:\/\/riddaselvaggia.it\/#website"},"primaryImageOfPage":{"@id":"https:\/\/riddaselvaggia.it\/fr\/autres-activites-2025-2\/#primaryimage"},"image":{"@id":"https:\/\/riddaselvaggia.it\/fr\/autres-activites-2025-2\/#primaryimage"},"thumbnailUrl":"https:\/\/riddaselvaggia.it\/wp-content\/uploads\/2024\/06\/PARCO-ARCHEOLOGICO-SELENI-LOGO.jpg","datePublished":"2026-04-18T15:31:44+00:00","dateModified":"2026-04-18T15:31:45+00:00","breadcrumb":{"@id":"https:\/\/riddaselvaggia.it\/fr\/autres-activites-2025-2\/#breadcrumb"},"inLanguage":"fr-FR","potentialAction":[{"@type":"ReadAction","target":["https:\/\/riddaselvaggia.it\/fr\/autres-activites-2025-2\/"]}]},{"@type":"ImageObject","inLanguage":"fr-FR","@id":"https:\/\/riddaselvaggia.it\/fr\/autres-activites-2025-2\/#primaryimage","url":"https:\/\/riddaselvaggia.it\/wp-content\/uploads\/2024\/06\/PARCO-ARCHEOLOGICO-SELENI-LOGO.jpg","contentUrl":"https:\/\/riddaselvaggia.it\/wp-content\/uploads\/2024\/06\/PARCO-ARCHEOLOGICO-SELENI-LOGO.jpg"},{"@type":"BreadcrumbList","@id":"https:\/\/riddaselvaggia.it\/fr\/autres-activites-2025-2\/#breadcrumb","itemListElement":[{"@type":"ListItem","position":1,"name":"Home","item":"https:\/\/riddaselvaggia.it\/fr\/accueil-2025\/"},{"@type":"ListItem","position":2,"name":"Autres activit\u00e9s 2025"}]},{"@type":"WebSite","@id":"https:\/\/riddaselvaggia.it\/#website","url":"https:\/\/riddaselvaggia.it\/","name":"Ridda Selvaggia","description":"Festival di Letteratura per l&#039;infanzia","publisher":{"@id":"https:\/\/riddaselvaggia.it\/#organization"},"potentialAction":[{"@type":"SearchAction","target":{"@type":"EntryPoint","urlTemplate":"https:\/\/riddaselvaggia.it\/?s={search_term_string}"},"query-input":{"@type":"PropertyValueSpecification","valueRequired":true,"valueName":"search_term_string"}}],"inLanguage":"fr-FR"},{"@type":"Organization","@id":"https:\/\/riddaselvaggia.it\/#organization","name":"Ridda Selvaggia","url":"https:\/\/riddaselvaggia.it\/","logo":{"@type":"ImageObject","inLanguage":"fr-FR","@id":"https:\/\/riddaselvaggia.it\/#\/schema\/logo\/image\/","url":"https:\/\/riddaselvaggia.it\/wp-content\/uploads\/2024\/03\/riddaselvaggia_footer.jpg","contentUrl":"https:\/\/riddaselvaggia.it\/wp-content\/uploads\/2024\/03\/riddaselvaggia_footer.jpg","width":962,"height":1025,"caption":"Ridda Selvaggia"},"image":{"@id":"https:\/\/riddaselvaggia.it\/#\/schema\/logo\/image\/"},"sameAs":["https:\/\/www.facebook.com\/profile.php?id=61557081068865","https:\/\/www.instagram.com\/festivalriddaselvaggia"]}]}},"_links":{"self":[{"href":"https:\/\/riddaselvaggia.it\/fr\/wp-json\/wp\/v2\/pages\/5728","targetHints":{"allow":["GET"]}}],"collection":[{"href":"https:\/\/riddaselvaggia.it\/fr\/wp-json\/wp\/v2\/pages"}],"about":[{"href":"https:\/\/riddaselvaggia.it\/fr\/wp-json\/wp\/v2\/types\/page"}],"author":[{"embeddable":true,"href":"https:\/\/riddaselvaggia.it\/fr\/wp-json\/wp\/v2\/users\/1"}],"replies":[{"embeddable":true,"href":"https:\/\/riddaselvaggia.it\/fr\/wp-json\/wp\/v2\/comments?post=5728"}],"version-history":[{"count":1,"href":"https:\/\/riddaselvaggia.it\/fr\/wp-json\/wp\/v2\/pages\/5728\/revisions"}],"predecessor-version":[{"id":5730,"href":"https:\/\/riddaselvaggia.it\/fr\/wp-json\/wp\/v2\/pages\/5728\/revisions\/5730"}],"wp:attachment":[{"href":"https:\/\/riddaselvaggia.it\/fr\/wp-json\/wp\/v2\/media?parent=5728"}],"curies":[{"name":"wp","href":"https:\/\/api.w.org\/{rel}","templated":true}]}}